{"id":9553,"date":"2025-10-15T17:19:05","date_gmt":"2025-10-15T15:19:05","guid":{"rendered":"https:\/\/2025.brickx.bio\/?page_id=9553"},"modified":"2025-10-15T17:19:24","modified_gmt":"2025-10-15T15:19:24","slug":"nieuwsbrief","status":"publish","type":"page","link":"https:\/\/www.brickx.bio\/nl\/newsletter\/","title":{"rendered":"Nieuwsbrief"},"content":{"rendered":"<div class='breakdance'><section class=\"bde-section-9553-106 bde-section\">\n  \n  \n\t\n\n\n\n<div class=\"section-container\"><\/div>\n<\/section><section class=\"bde-section-9553-260 bde-section\">\n  \n  \n\t\n\n\n\n<div class=\"section-container\"><div class=\"bde-div-9553-261 bde-div dot-eyebrown-wrapper\">\n  \n  \n\t\n\n\n\n<div class=\"bde-globalblock-9553-262 bde-globalblock\"><div class='breakdance'><div class=\"bde-pulse-dot-8277-100-8277-1 bde-pulse-dot pulse-dot bde-preset-446d309d-976e-4b10-9aaf-ad1e436883db bde-pulse-dot-8277-100\"><div class=\"bde-pulse-dot__ping\"><\/div>\r\n<div class=\"bde-pulse-dot__core\"><\/div><\/div><\/div><\/div><h2 class=\"bde-heading-9553-263 bde-heading bde-preset-5bd2990e-d2ca-4610-a6ba-80dccfc01a8c\">\nNEWSLETTER\n<\/h2>\n<\/div><div class=\"bde-columns-9553-284 bde-columns\"><div class=\"bde-column-9553-285 bde-column\">\n  \n  \n\t\n\n\n\n<h2 class=\"bde-heading-9553-286 bde-heading\">\nWerde Teil der Brickx Community.\u00a0\n<\/h2>\n<\/div><div class=\"bde-column-9553-287 bde-column\">\n  \n  \n\t\n\n\n\n<div class=\"bde-text-9553-288 bde-text\">\nMit unserem Newsletter wirst du Teil der Brickx Community. Du erh\u00e4ltst regelm\u00e4\u00dfige Updates zu unseren Gesundheitsevents, bekommst die neusten Artikel und erf\u00e4hrst alles \u00fcber uns und unsere Produkte.\u00a0\n<\/div><div class=\"bde-form-builder-9553-443 bde-form-builder\">\n\n<form id=\"contact-form443\" class=\"breakdance-form breakdance-form--vertical\" data-options=\"{&quot;slug&quot;:&quot;custom&quot;,&quot;name&quot;:&quot;Contact Form&quot;,&quot;ajaxUrl&quot;:&quot;https:\\\/\\\/www.brickx.bio\\\/wp-admin\\\/admin-ajax.php&quot;,&quot;clearOnSuccess&quot;:true,&quot;hideOnSuccess&quot;:false,&quot;successMessage&quot;:&quot;Danke, wir haben Deine Nachricht erhalten&quot;,&quot;errorMessage&quot;:&quot;Das hat leider nicht geklappt.&quot;,&quot;redirect&quot;:false,&quot;redirectUrl&quot;:&quot;&quot;,&quot;customJavaScript&quot;:&quot;&quot;,&quot;recaptcha&quot;:{&quot;key&quot;:&quot;&quot;,&quot;enabled&quot;:false},&quot;honeypot_enabled&quot;:false,&quot;popupsOnSuccess&quot;:[],&quot;popupsOnError&quot;:[]}\" data-steps=\"0\" >\n  \n  \n  \n<div class=\"breakdance-form-field breakdance-form-field--text\" >\n    \n    \n            <label class=\"breakdance-form-field__label\" for=\"name\">\n            Name<span class=\"breakdance-form-field__required\">*<\/span>\n        <\/label>\n    \n    <input\n    class=\"breakdance-form-field__input\"\n    id=\"name\"\n    aria-describedby=\"name\"\n    type=\"text\"\n    name=\"fields[name]\"\n    placeholder=\"\"\n    value=\"\"\n                \n        \n        \n    required\n    \n    \n    \n>\n\n\n    \n    \n<\/div>\n\n\n<div class=\"breakdance-form-field breakdance-form-field--email\" >\n    \n    \n            <label class=\"breakdance-form-field__label\" for=\"email\">\n            Email<span class=\"breakdance-form-field__required\">*<\/span>\n        <\/label>\n    \n    <input\n    class=\"breakdance-form-field__input\"\n    id=\"email\"\n    aria-describedby=\"email\"\n    type=\"email\"\n    name=\"fields[email]\"\n    placeholder=\"\"\n    value=\"\"\n                \n        \n        \n    required\n    \n    \n    \n>\n\n\n    \n    \n<\/div>\n\n\n  \n\n<div class=\"breakdance-form-field breakdance-form-footer\">\n    \n    \n                                    \n    \n    \n    \n    \n            \n            <button type=\"submit\" class=\"button-atom button-atom--primary breakdance-form-button breakdance-form-button__submit\"  >\n    \n        <span class=\"button-atom__text\">Senden<\/span>\n\n        \n        \n            <\/button>\n    \n    <input type=\"hidden\" name=\"form_id\" value=\"443\">\n    <input type=\"hidden\" name=\"post_id\" value=\"9553\">\n<\/div>\n\n  \n<\/form>\n\n\n<\/div>\n<\/div><\/div><\/div>\n<\/section><\/div>","protected":false},"excerpt":{"rendered":"<p>NIEUWSBRIEF Maak deel uit van de Brickx gemeenschap.  Maak deel uit van de Brickx gemeenschap met onze nieuwsbrief. Je ontvangt regelmatig updates over onze gezondheidsevenementen, de nieuwste artikelen en komt alles te weten over ons en onze producten.  Naam* Email* Verzenden<\/p>","protected":false},"author":1,"featured_media":0,"parent":0,"menu_order":0,"comment_status":"closed","ping_status":"closed","template":"","meta":{"_acf_changed":false,"_breakdance_hide_in_design_set":false,"_breakdance_tags":"","footnotes":""},"folder":[4359],"class_list":["post-9553","page","type-page","status-publish","hentry"],"acf":[],"yoast_head":"<!-- This site is optimized with the Yoast SEO plugin v27.3 - https:\/\/yoast.com\/product\/yoast-seo-wordpress\/ -->\n<title>Newsletter - Brickx<\/title>\n<meta name=\"robots\" content=\"index, follow, max-snippet:-1, max-image-preview:large, max-video-preview:-1\" \/>\n<link rel=\"canonical\" href=\"https:\/\/www.brickx.bio\/nl\/nieuwsbrief\/\" \/>\n<meta property=\"og:locale\" content=\"nl_NL\" \/>\n<meta property=\"og:type\" content=\"article\" \/>\n<meta property=\"og:title\" content=\"Newsletter - Brickx\" \/>\n<meta property=\"og:description\" content=\"NEWSLETTER Werde Teil der Brickx Community.\u00a0 Mit unserem Newsletter wirst du Teil der Brickx Community. Du erh\u00e4ltst regelm\u00e4\u00dfige Updates zu unseren Gesundheitsevents, bekommst die neusten Artikel und erf\u00e4hrst alles \u00fcber uns und unsere Produkte.\u00a0 Name* Email* Senden\" \/>\n<meta property=\"og:url\" content=\"https:\/\/www.brickx.bio\/nl\/nieuwsbrief\/\" \/>\n<meta property=\"og:site_name\" content=\"Brickx\" \/>\n<meta property=\"article:modified_time\" content=\"2025-10-15T15:19:24+00:00\" \/>\n<meta name=\"twitter:card\" content=\"summary_large_image\" \/>\n<meta name=\"twitter:label1\" content=\"Geschatte leestijd\" \/>\n\t<meta name=\"twitter:data1\" content=\"1 minuut\" \/>\n<script type=\"application\/ld+json\" class=\"yoast-schema-graph\">{\"@context\":\"https:\\\/\\\/schema.org\",\"@graph\":[{\"@type\":\"WebPage\",\"@id\":\"https:\\\/\\\/www.brickx.bio\\\/newsletter\\\/\",\"url\":\"https:\\\/\\\/www.brickx.bio\\\/newsletter\\\/\",\"name\":\"Newsletter - Brickx\",\"isPartOf\":{\"@id\":\"https:\\\/\\\/www.brickx.bio\\\/de\\\/#website\"},\"datePublished\":\"2025-10-15T15:19:05+00:00\",\"dateModified\":\"2025-10-15T15:19:24+00:00\",\"breadcrumb\":{\"@id\":\"https:\\\/\\\/www.brickx.bio\\\/newsletter\\\/#breadcrumb\"},\"inLanguage\":\"nl-NL\",\"potentialAction\":[{\"@type\":\"ReadAction\",\"target\":[\"https:\\\/\\\/www.brickx.bio\\\/newsletter\\\/\"]}]},{\"@type\":\"BreadcrumbList\",\"@id\":\"https:\\\/\\\/www.brickx.bio\\\/newsletter\\\/#breadcrumb\",\"itemListElement\":[{\"@type\":\"ListItem\",\"position\":1,\"name\":\"Startseite\",\"item\":\"https:\\\/\\\/www.brickx.bio\\\/\"},{\"@type\":\"ListItem\",\"position\":2,\"name\":\"Newsletter\"}]},{\"@type\":\"WebSite\",\"@id\":\"https:\\\/\\\/www.brickx.bio\\\/de\\\/#website\",\"url\":\"https:\\\/\\\/www.brickx.bio\\\/de\\\/\",\"name\":\"Brickx\",\"description\":\"\",\"potentialAction\":[{\"@type\":\"SearchAction\",\"target\":{\"@type\":\"EntryPoint\",\"urlTemplate\":\"https:\\\/\\\/www.brickx.bio\\\/de\\\/?s={search_term_string}\"},\"query-input\":{\"@type\":\"PropertyValueSpecification\",\"valueRequired\":true,\"valueName\":\"search_term_string\"}}],\"inLanguage\":\"nl-NL\"}]}<\/script>\n<!-- \/ Yoast SEO plugin. -->","yoast_head_json":{"title":"Nieuwsbrief - Brickx","robots":{"index":"index","follow":"follow","max-snippet":"max-snippet:-1","max-image-preview":"max-image-preview:large","max-video-preview":"max-video-preview:-1"},"canonical":"https:\/\/www.brickx.bio\/nl\/nieuwsbrief\/","og_locale":"nl_NL","og_type":"article","og_title":"Newsletter - Brickx","og_description":"NEWSLETTER Werde Teil der Brickx Community.\u00a0 Mit unserem Newsletter wirst du Teil der Brickx Community. Du erh\u00e4ltst regelm\u00e4\u00dfige Updates zu unseren Gesundheitsevents, bekommst die neusten Artikel und erf\u00e4hrst alles \u00fcber uns und unsere Produkte.\u00a0 Name* Email* Senden","og_url":"https:\/\/www.brickx.bio\/nl\/nieuwsbrief\/","og_site_name":"Brickx","article_modified_time":"2025-10-15T15:19:24+00:00","twitter_card":"summary_large_image","twitter_misc":{"Geschatte leestijd":"1 minuut"},"schema":{"@context":"https:\/\/schema.org","@graph":[{"@type":"WebPage","@id":"https:\/\/www.brickx.bio\/newsletter\/","url":"https:\/\/www.brickx.bio\/newsletter\/","name":"Nieuwsbrief - Brickx","isPartOf":{"@id":"https:\/\/www.brickx.bio\/de\/#website"},"datePublished":"2025-10-15T15:19:05+00:00","dateModified":"2025-10-15T15:19:24+00:00","breadcrumb":{"@id":"https:\/\/www.brickx.bio\/newsletter\/#breadcrumb"},"inLanguage":"nl-NL","potentialAction":[{"@type":"ReadAction","target":["https:\/\/www.brickx.bio\/newsletter\/"]}]},{"@type":"BreadcrumbList","@id":"https:\/\/www.brickx.bio\/newsletter\/#breadcrumb","itemListElement":[{"@type":"ListItem","position":1,"name":"Startseite","item":"https:\/\/www.brickx.bio\/"},{"@type":"ListItem","position":2,"name":"Newsletter"}]},{"@type":"WebSite","@id":"https:\/\/www.brickx.bio\/de\/#website","url":"https:\/\/www.brickx.bio\/de\/","name":"Brickx","description":"","potentialAction":[{"@type":"SearchAction","target":{"@type":"EntryPoint","urlTemplate":"https:\/\/www.brickx.bio\/de\/?s={search_term_string}"},"query-input":{"@type":"PropertyValueSpecification","valueRequired":true,"valueName":"search_term_string"}}],"inLanguage":"nl-NL"}]}},"_links":{"self":[{"href":"https:\/\/www.brickx.bio\/nl\/wp-json\/wp\/v2\/pages\/9553","targetHints":{"allow":["GET"]}}],"collection":[{"href":"https:\/\/www.brickx.bio\/nl\/wp-json\/wp\/v2\/pages"}],"about":[{"href":"https:\/\/www.brickx.bio\/nl\/wp-json\/wp\/v2\/types\/page"}],"author":[{"embeddable":true,"href":"https:\/\/www.brickx.bio\/nl\/wp-json\/wp\/v2\/users\/1"}],"replies":[{"embeddable":true,"href":"https:\/\/www.brickx.bio\/nl\/wp-json\/wp\/v2\/comments?post=9553"}],"version-history":[{"count":0,"href":"https:\/\/www.brickx.bio\/nl\/wp-json\/wp\/v2\/pages\/9553\/revisions"}],"wp:attachment":[{"href":"https:\/\/www.brickx.bio\/nl\/wp-json\/wp\/v2\/media?parent=9553"}],"wp:term":[{"taxonomy":"folder","embeddable":true,"href":"https:\/\/www.brickx.bio\/nl\/wp-json\/wp\/v2\/folder?post=9553"}],"curies":[{"name":"wp","href":"https:\/\/api.w.org\/{rel}","templated":true}]}}