{"id":8782,"date":"2025-09-19T13:58:36","date_gmt":"2025-09-19T11:58:36","guid":{"rendered":"https:\/\/2025.brickx.bio\/?page_id=8782"},"modified":"2025-09-20T10:11:46","modified_gmt":"2025-09-20T08:11:46","slug":"opdruk","status":"publish","type":"page","link":"https:\/\/www.brickx.bio\/nl\/impressum\/","title":{"rendered":"Afdruk"},"content":{"rendered":"<div class='breakdance'><section class=\"bde-section-8782-398 bde-section\">\n  \n  \n\t\n\n\n\n<div class=\"section-container\"><div class=\"bde-div-8782-399 bde-div dot-eyebrown-wrapper\">\n  \n  \n\t\n\n\n\n<div class=\"bde-globalblock-8782-400 bde-globalblock\"><div class='breakdance'><div class=\"bde-pulse-dot-8277-100-8277-1 bde-pulse-dot pulse-dot bde-preset-446d309d-976e-4b10-9aaf-ad1e436883db bde-pulse-dot-8277-100\"><div class=\"bde-pulse-dot__ping\"><\/div>\r\n<div class=\"bde-pulse-dot__core\"><\/div><\/div><\/div><\/div><h2 id=\"zeit_fuer_einen_perspektivwechsel\" class=\"bde-heading-8782-401 bde-heading bde-preset-5bd2990e-d2ca-4610-a6ba-80dccfc01a8c\">\nAfdruk\n<\/h2>\n<\/div><\/div>\n<\/section><section class=\"bde-section-8782-370 bde-section\">\n  \n  \n\t\n\n\n\n<div class=\"section-container\"><div class=\"bde-div-8782-371 bde-div\">\n  \n  \n\t\n\n\n\n<div class=\"bde-div-8782-372 bde-div\">\n  \n  \n\t\n\n\n\n<h2 id=\"zeit_fuer_einen_perspektivwechsel\" class=\"bde-heading-8782-373 bde-heading\" data-entrance=\"slideUp\">\nInformatie volgens \u00a7 5 TMG\n<\/h2><div class=\"bde-text-8782-374 bde-text\">\nBrickx UG (beperkte aansprakelijkheid)<br>Infanteriestr. 11a \/ Huis B2<br>80797 M\u00fcnchen<br><br>Vertegenwoordigd door de managing director:<br>Bj\u00f6rn P. Wachner<br><br>service@brickx.bio<br>www.brickx.bio<br><br>BTW-nummer ID: DE 340303969<br>Registratienummer: HRB 262923<br>Handelsrechtbank M\u00fcnchen<br><br>Verantwoordelijk voor de inhoud volgens \u00a7 55 Abs. 2 RStV:<br>Bj\u00f6rn P. Wachner <br><br>Functionaris voor gegevensbescherming:<br>Bj\u00f6rn P. Wachner\n<\/div>\n<\/div>\n<\/div><\/div>\n<\/section><section class=\"bde-section-8782-385 bde-section\">\n  \n  \n\t\n\n\n\n<div class=\"section-container\"><div class=\"bde-div-8782-386 bde-div\">\n  \n  \n\t\n\n\n\n<div class=\"bde-div-8782-387 bde-div\">\n  \n  \n\t\n\n\n\n<h2 id=\"zeit_fuer_einen_perspektivwechsel\" class=\"bde-heading-8782-388 bde-heading\" data-entrance=\"slideUp\">\nConsumenteninformatie over geschillenbeslechting\n<\/h2><div class=\"bde-text-8782-389 bde-text\">\nDe Europese Commissie biedt een platform voor onlinegeschillenbeslechting (ODR). Dit is toegankelijk via het volgende internetadres: https:\/\/ec.europa.eu\/consumers\/odr\/.  Wij zijn niet bereid of verplicht om deel te nemen aan een buitengerechtelijke arbitrageprocedure voor een arbitragecommissie voor consumentenzaken. De bevoegde arbitragecommissie voor consumentenzaken is de Universalschlichtungsstelle des Bundes Zentrum f\u00fcr Schlichtung e.V., Stra\u00dfburger Stra\u00dfe 8, D-77694 Kehl am Rhein, Tel.: +49 (0)7851 \/ 795 79 40, Fax +49 (0)7851 \/ 795 79 41, E-Mail: mail@universalschlichtungsstelle.de, Web: https:\/\/www.verbraucher-schlichter.de.\n<\/div>\n<\/div>\n<\/div><\/div>\n<\/section><section class=\"bde-section-8782-380 bde-section\">\n  \n  \n\t\n\n\n\n<div class=\"section-container\"><div class=\"bde-div-8782-381 bde-div\">\n  \n  \n\t\n\n\n\n<div class=\"bde-div-8782-382 bde-div\">\n  \n  \n\t\n\n\n\n<h2 id=\"zeit_fuer_einen_perspektivwechsel\" class=\"bde-heading-8782-383 bde-heading\" data-entrance=\"slideUp\">\nDisclaimer\n<\/h2><div class=\"bde-text-8782-384 bde-text\">\nDe auteur aanvaardt geen aansprakelijkheid voor de actualiteit, juistheid en volledigheid van de op onze website ter beschikking gestelde informatie. Aansprakelijkheidsclaims tegen de auteur die betrekking hebben op materi\u00eble of immateri\u00eble schade die werd veroorzaakt door het gebruik of niet-gebruik van de aangeboden informatie of door het gebruik van onjuiste of onvolledige informatie, zijn principieel uitgesloten, tenzij er sprake is van opzet of grove nalatigheid van de kant van de auteur. Alle aanbiedingen zijn vrijblijvend en niet-bindend. De auteur behoudt zich uitdrukkelijk het recht voor delen van de pagina's of het gehele aanbod zonder voorafgaande aankondiging te wijzigen, aan te vullen, te wissen of de publicatie tijdelijk of definitief te staken.\n<\/div>\n<\/div>\n<\/div><\/div>\n<\/section><section class=\"bde-section-8782-390 bde-section\">\n  \n  \n\t\n\n\n\n<div class=\"section-container\"><div class=\"bde-div-8782-391 bde-div\">\n  \n  \n\t\n\n\n\n<div class=\"bde-div-8782-392 bde-div\">\n  \n  \n\t\n\n\n\n<h2 id=\"zeit_fuer_einen_perspektivwechsel\" class=\"bde-heading-8782-393 bde-heading\" data-entrance=\"slideUp\">\nCopyright\n<\/h2><div class=\"bde-text-8782-394 bde-text\">\nDe inhoud van deze website (teksten, tekstpassages, grafieken, afbeeldingen, video's, animaties, muziek) en hun rangschikking in het kader van de vormgeving van de website zijn auteursrechtelijk beschermd in overeenstemming met de wettelijke bepalingen. Zij mogen zonder toestemming van Brickx UG niet worden gekopieerd, verspreid, openbaar toegankelijk gemaakt, anderszins openbaar gereproduceerd of gewijzigd. Voor zover de rechten op de auteursrechtelijk beschermde onderdelen van deze website bij derden berusten, gebruikt Brickx UG deze werken met toestemming van de betreffende rechthebbende.\n<\/div>\n<\/div>\n<\/div><\/div>\n<\/section><\/div>","protected":false},"excerpt":{"rendered":"<p>Impressum Angaben gem. \u00a7 5 TMG Brickx UG (haftungsbeschr\u00e4nkt)Infanteriestr. 11a \/ Haus B280797 M\u00fcnchenVertreten durch den \u2028Gesch\u00e4ftsf\u00fchrer:Bj\u00f6rn P. Wachnerservice@brickx.biowww.brickx.bioUmsatzsteuernummer-ID: \u2028DE\u2009340303969Registernummer: HRB 262923Handelsgericht M\u00fcnchenVerantwortlich f\u00fcr den Inhalt nach \u00a7 55 Abs. 2 RStV: \u2028Bj\u00f6rn P. Wachner Datenschutzverantwortliche:Bj\u00f6rn P. Wachner Verbraucherhinweise zur Streitbeilegung Die Europ\u00e4ischen Kommission stellt eine Plattform zur Online-Streitbeilegung (OS) bereit. Diese ist \u00fcber die [&hellip;]<\/p>\n","protected":false},"author":1,"featured_media":0,"parent":0,"menu_order":0,"comment_status":"closed","ping_status":"closed","template":"","meta":{"_acf_changed":false,"_breakdance_hide_in_design_set":false,"_breakdance_tags":"","footnotes":""},"folder":[4356],"class_list":["post-8782","page","type-page","status-publish","hentry"],"acf":[],"yoast_head":"<!-- This site is optimized with the Yoast SEO plugin v27.3 - https:\/\/yoast.com\/product\/yoast-seo-wordpress\/ -->\n<title>Impressum - Brickx<\/title>\n<meta name=\"robots\" content=\"index, follow, max-snippet:-1, max-image-preview:large, max-video-preview:-1\" \/>\n<link rel=\"canonical\" href=\"https:\/\/www.brickx.bio\/nl\/opdruk\/\" \/>\n<meta property=\"og:locale\" content=\"nl_NL\" \/>\n<meta property=\"og:type\" content=\"article\" \/>\n<meta property=\"og:title\" content=\"Impressum - Brickx\" \/>\n<meta property=\"og:description\" content=\"Impressum Angaben gem. \u00a7 5 TMG Brickx UG (haftungsbeschr\u00e4nkt)Infanteriestr. 11a \/ Haus B280797 M\u00fcnchenVertreten durch den \u2028Gesch\u00e4ftsf\u00fchrer:Bj\u00f6rn P. Wachnerservice@brickx.biowww.brickx.bioUmsatzsteuernummer-ID: \u2028DE\u2009340303969Registernummer: HRB 262923Handelsgericht M\u00fcnchenVerantwortlich f\u00fcr den Inhalt nach \u00a7 55 Abs. 2 RStV: \u2028Bj\u00f6rn P. Wachner Datenschutzverantwortliche:Bj\u00f6rn P. Wachner Verbraucherhinweise zur Streitbeilegung Die Europ\u00e4ischen Kommission stellt eine Plattform zur Online-Streitbeilegung (OS) bereit. Diese ist \u00fcber die [&hellip;]\" \/>\n<meta property=\"og:url\" content=\"https:\/\/www.brickx.bio\/nl\/opdruk\/\" \/>\n<meta property=\"og:site_name\" content=\"Brickx\" \/>\n<meta property=\"article:modified_time\" content=\"2025-09-20T08:11:46+00:00\" \/>\n<meta name=\"twitter:card\" content=\"summary_large_image\" \/>\n<meta name=\"twitter:label1\" content=\"Geschatte leestijd\" \/>\n\t<meta name=\"twitter:data1\" content=\"2 minuten\" \/>\n<script type=\"application\/ld+json\" class=\"yoast-schema-graph\">{\"@context\":\"https:\\\/\\\/schema.org\",\"@graph\":[{\"@type\":\"WebPage\",\"@id\":\"https:\\\/\\\/www.brickx.bio\\\/de\\\/impressum\\\/\",\"url\":\"https:\\\/\\\/www.brickx.bio\\\/de\\\/impressum\\\/\",\"name\":\"Impressum - Brickx\",\"isPartOf\":{\"@id\":\"https:\\\/\\\/www.brickx.bio\\\/de\\\/#website\"},\"datePublished\":\"2025-09-19T11:58:36+00:00\",\"dateModified\":\"2025-09-20T08:11:46+00:00\",\"breadcrumb\":{\"@id\":\"https:\\\/\\\/www.brickx.bio\\\/de\\\/impressum\\\/#breadcrumb\"},\"inLanguage\":\"nl-NL\",\"potentialAction\":[{\"@type\":\"ReadAction\",\"target\":[\"https:\\\/\\\/www.brickx.bio\\\/de\\\/impressum\\\/\"]}]},{\"@type\":\"BreadcrumbList\",\"@id\":\"https:\\\/\\\/www.brickx.bio\\\/de\\\/impressum\\\/#breadcrumb\",\"itemListElement\":[{\"@type\":\"ListItem\",\"position\":1,\"name\":\"Startseite\",\"item\":\"https:\\\/\\\/www.brickx.bio\\\/\"},{\"@type\":\"ListItem\",\"position\":2,\"name\":\"Impressum\"}]},{\"@type\":\"WebSite\",\"@id\":\"https:\\\/\\\/www.brickx.bio\\\/de\\\/#website\",\"url\":\"https:\\\/\\\/www.brickx.bio\\\/de\\\/\",\"name\":\"Brickx\",\"description\":\"\",\"potentialAction\":[{\"@type\":\"SearchAction\",\"target\":{\"@type\":\"EntryPoint\",\"urlTemplate\":\"https:\\\/\\\/www.brickx.bio\\\/de\\\/?s={search_term_string}\"},\"query-input\":{\"@type\":\"PropertyValueSpecification\",\"valueRequired\":true,\"valueName\":\"search_term_string\"}}],\"inLanguage\":\"nl-NL\"}]}<\/script>\n<!-- \/ Yoast SEO plugin. -->","yoast_head_json":{"title":"Opdruk - Brickx","robots":{"index":"index","follow":"follow","max-snippet":"max-snippet:-1","max-image-preview":"max-image-preview:large","max-video-preview":"max-video-preview:-1"},"canonical":"https:\/\/www.brickx.bio\/nl\/opdruk\/","og_locale":"nl_NL","og_type":"article","og_title":"Impressum - Brickx","og_description":"Impressum Angaben gem. \u00a7 5 TMG Brickx UG (haftungsbeschr\u00e4nkt)Infanteriestr. 11a \/ Haus B280797 M\u00fcnchenVertreten durch den \u2028Gesch\u00e4ftsf\u00fchrer:Bj\u00f6rn P. Wachnerservice@brickx.biowww.brickx.bioUmsatzsteuernummer-ID: \u2028DE\u2009340303969Registernummer: HRB 262923Handelsgericht M\u00fcnchenVerantwortlich f\u00fcr den Inhalt nach \u00a7 55 Abs. 2 RStV: \u2028Bj\u00f6rn P. Wachner Datenschutzverantwortliche:Bj\u00f6rn P. Wachner Verbraucherhinweise zur Streitbeilegung Die Europ\u00e4ischen Kommission stellt eine Plattform zur Online-Streitbeilegung (OS) bereit. Diese ist \u00fcber die [&hellip;]","og_url":"https:\/\/www.brickx.bio\/nl\/opdruk\/","og_site_name":"Brickx","article_modified_time":"2025-09-20T08:11:46+00:00","twitter_card":"summary_large_image","twitter_misc":{"Geschatte leestijd":"2 minuten"},"schema":{"@context":"https:\/\/schema.org","@graph":[{"@type":"WebPage","@id":"https:\/\/www.brickx.bio\/de\/impressum\/","url":"https:\/\/www.brickx.bio\/de\/impressum\/","name":"Opdruk - Brickx","isPartOf":{"@id":"https:\/\/www.brickx.bio\/de\/#website"},"datePublished":"2025-09-19T11:58:36+00:00","dateModified":"2025-09-20T08:11:46+00:00","breadcrumb":{"@id":"https:\/\/www.brickx.bio\/de\/impressum\/#breadcrumb"},"inLanguage":"nl-NL","potentialAction":[{"@type":"ReadAction","target":["https:\/\/www.brickx.bio\/de\/impressum\/"]}]},{"@type":"BreadcrumbList","@id":"https:\/\/www.brickx.bio\/de\/impressum\/#breadcrumb","itemListElement":[{"@type":"ListItem","position":1,"name":"Startseite","item":"https:\/\/www.brickx.bio\/"},{"@type":"ListItem","position":2,"name":"Impressum"}]},{"@type":"WebSite","@id":"https:\/\/www.brickx.bio\/de\/#website","url":"https:\/\/www.brickx.bio\/de\/","name":"Brickx","description":"","potentialAction":[{"@type":"SearchAction","target":{"@type":"EntryPoint","urlTemplate":"https:\/\/www.brickx.bio\/de\/?s={search_term_string}"},"query-input":{"@type":"PropertyValueSpecification","valueRequired":true,"valueName":"search_term_string"}}],"inLanguage":"nl-NL"}]}},"_links":{"self":[{"href":"https:\/\/www.brickx.bio\/nl\/wp-json\/wp\/v2\/pages\/8782","targetHints":{"allow":["GET"]}}],"collection":[{"href":"https:\/\/www.brickx.bio\/nl\/wp-json\/wp\/v2\/pages"}],"about":[{"href":"https:\/\/www.brickx.bio\/nl\/wp-json\/wp\/v2\/types\/page"}],"author":[{"embeddable":true,"href":"https:\/\/www.brickx.bio\/nl\/wp-json\/wp\/v2\/users\/1"}],"replies":[{"embeddable":true,"href":"https:\/\/www.brickx.bio\/nl\/wp-json\/wp\/v2\/comments?post=8782"}],"version-history":[{"count":0,"href":"https:\/\/www.brickx.bio\/nl\/wp-json\/wp\/v2\/pages\/8782\/revisions"}],"wp:attachment":[{"href":"https:\/\/www.brickx.bio\/nl\/wp-json\/wp\/v2\/media?parent=8782"}],"wp:term":[{"taxonomy":"folder","embeddable":true,"href":"https:\/\/www.brickx.bio\/nl\/wp-json\/wp\/v2\/folder?post=8782"}],"curies":[{"name":"wp","href":"https:\/\/api.w.org\/{rel}","templated":true}]}}