{"id":8772,"date":"2025-09-20T10:07:08","date_gmt":"2025-09-20T08:07:08","guid":{"rendered":"https:\/\/2025.brickx.bio\/?page_id=8772"},"modified":"2025-09-20T10:23:55","modified_gmt":"2025-09-20T08:23:55","slug":"agb","status":"publish","type":"page","link":"https:\/\/www.brickx.bio\/nl\/agb\/","title":{"rendered":"GTC"},"content":{"rendered":"<div class='breakdance'><section class=\"bde-section-8772-290 bde-section\">\n  \n  \n\t\n\n\n\n<div class=\"section-container\"><div class=\"bde-div-8772-358 bde-div dot-eyebrown-wrapper\">\n  \n  \n\t\n\n\n\n<div class=\"bde-globalblock-8772-359 bde-globalblock\"><div class='breakdance'><div class=\"bde-pulse-dot-8277-100-8277-1 bde-pulse-dot pulse-dot bde-preset-446d309d-976e-4b10-9aaf-ad1e436883db bde-pulse-dot-8277-100\"><div class=\"bde-pulse-dot__ping\"><\/div>\r\n<div class=\"bde-pulse-dot__core\"><\/div><\/div><\/div><\/div><h2 id=\"zeit_fuer_einen_perspektivwechsel\" class=\"bde-heading-8772-360 bde-heading bde-preset-5bd2990e-d2ca-4610-a6ba-80dccfc01a8c\">\nAGB's\n<\/h2>\n<\/div><\/div>\n<\/section><section class=\"bde-section-8772-370 bde-section\">\n  \n  \n\t\n\n\n\n<div class=\"section-container\"><div class=\"bde-div-8772-371 bde-div\">\n  \n  \n\t\n\n\n\n<div class=\"bde-div-8772-372 bde-div\">\n  \n  \n\t\n\n\n\n<h2 id=\"zeit_fuer_einen_perspektivwechsel\" class=\"bde-heading-8772-373 bde-heading\" data-entrance=\"slideUp\">\nAlgemene voorwaarden met klanteninformatie\n<\/h2><div class=\"bde-text-8772-374 bde-text\">\n1. toepassingsgebied<br>\t2. sluiting van het contract<br>\t3. prijzen, verzendkosten, betaalmethoden<br>\t4. levering, beschikbaarheid van goederen<br>\t5. eigendomsvoorbehoud<br>\t6. herroepingsrecht voor consumenten<br>\t7. garantie<br>\t8. aansprakelijkheid<br>\t9. opslag van de contracttekst<br>\t10 Toepasselijk recht, bevoegde rechtbank<br>\t11. online geschillenbeslechting, consumentenarbitrage<br>12. scheidbaarheidclausule\n<\/div>\n<\/div>\n<\/div><\/div>\n<\/section><section class=\"bde-section-8772-385 bde-section\">\n  \n  \n\t\n\n\n\n<div class=\"section-container\"><div class=\"bde-div-8772-386 bde-div\">\n  \n  \n\t\n\n\n\n<div class=\"bde-div-8772-387 bde-div\">\n  \n  \n\t\n\n\n\n<h2 id=\"zeit_fuer_einen_perspektivwechsel\" class=\"bde-heading-8772-388 bde-heading\" data-entrance=\"slideUp\">\n1. toepassingsgebied\n<\/h2><div class=\"bde-text-8772-389 bde-text\">\n(1) Deze Algemene Voorwaarden (AV) zijn van toepassing op alle overeenkomsten die een consument of ondernemer sluit met Brickx UG (haftungsbeschr\u00e4nkt), Infanteriestra\u00dfe 11a, Haus B2, 80797 M\u00fcnchen, Duitsland (directeur: Bj\u00f6rn P. Wachner, Handelsregister: Munich Local Court HRB 262923, BTW-ID: DE340303969) voor de goederen die worden aangeboden in de online shop www.brickx.bio.<br><br>(2) Een consument in de zin van deze AV is iedere natuurlijke persoon die een rechtshandeling aangaat voor doeleinden die overwegend buiten zijn bedrijfs- of beroepsactiviteit vallen (\u00a7 13 BGB). Een ondernemer is iedere natuurlijke persoon, rechtspersoon of vennootschap met rechtsbevoegdheid die bij het afsluiten van de rechtshandeling handelt in het kader van de uitoefening van zijn commerci\u00eble of zelfstandige beroepsactiviteit (\u00a7 14 BGB).\n<\/div>\n<\/div>\n<\/div><\/div>\n<\/section><section class=\"bde-section-8772-380 bde-section\">\n  \n  \n\t\n\n\n\n<div class=\"section-container\"><div class=\"bde-div-8772-381 bde-div\">\n  \n  \n\t\n\n\n\n<div class=\"bde-div-8772-382 bde-div\">\n  \n  \n\t\n\n\n\n<h2 id=\"zeit_fuer_einen_perspektivwechsel\" class=\"bde-heading-8772-383 bde-heading\" data-entrance=\"slideUp\">\n2 Sluiting van het contract\n<\/h2><div class=\"bde-text-8772-384 bde-text\">\n(1) De presentatie van goederen in de online shop vormt geen juridisch bindend aanbod, maar een niet-bindende uitnodiging om een bestelling te plaatsen.<br><br>(2) Door op de knop \u201eNu kopen\u201c te klikken, doet de klant een bindend aanbod om de goederen in het winkelmandje te kopen.<br><br>(3) De ontvangstbevestiging van de bestelling wordt automatisch per e-mail verstuurd en vormt geen aanvaarding van het contract.<br><br>(4) Het contract komt tot stand door een uitdrukkelijke verklaring van aanvaarding in tekstvorm of ten laatste door de levering van de goederen.\n<\/div>\n<\/div>\n<\/div><\/div>\n<\/section><section class=\"bde-section-8772-390 bde-section\">\n  \n  \n\t\n\n\n\n<div class=\"section-container\"><div class=\"bde-div-8772-391 bde-div\">\n  \n  \n\t\n\n\n\n<div class=\"bde-div-8772-392 bde-div\">\n  \n  \n\t\n\n\n\n<h2 id=\"zeit_fuer_einen_perspektivwechsel\" class=\"bde-heading-8772-393 bde-heading\" data-entrance=\"slideUp\">\n3. prijzen, verzendkosten, betaalmethoden\n<\/h2><div class=\"bde-text-8772-394 bde-text\">\n(1) Alle prijzen zijn vermeld in euro's en inclusief de toepasselijke wettelijke belasting op de toegevoegde waarde.<br><br>(2) Verzendkosten worden duidelijk meegedeeld aan de klant tijdens het bestelproces en moeten betaald worden bovenop de prijs van de goederen.<br><br>(3) De volgende betalingsmethoden worden aangeboden: PayPal, creditcard, Klarna, vooruitbetaling\/bankoverschrijving (de beschikbare opties worden weergegeven in het bestelproces).\n<\/div>\n<\/div>\n<\/div><\/div>\n<\/section><section class=\"bde-section-8772-395 bde-section\">\n  \n  \n\t\n\n\n\n<div class=\"section-container\"><div class=\"bde-div-8772-396 bde-div\">\n  \n  \n\t\n\n\n\n<div class=\"bde-div-8772-397 bde-div\">\n  \n  \n\t\n\n\n\n<h2 id=\"zeit_fuer_einen_perspektivwechsel\" class=\"bde-heading-8772-398 bde-heading\" data-entrance=\"slideUp\">\n4. levering, beschikbaarheid van goederen\n<\/h2><div class=\"bde-text-8772-399 bde-text\">\n(1) De levering vindt plaats binnen de op de productpagina aangegeven levertijden.<br><br>(2) Gedeeltelijke leveringen zijn toegestaan voor zover ze redelijk zijn voor de klant.\n<\/div>\n<\/div>\n<\/div><\/div>\n<\/section><section class=\"bde-section-8772-400 bde-section\">\n  \n  \n\t\n\n\n\n<div class=\"section-container\"><div class=\"bde-div-8772-401 bde-div\">\n  \n  \n\t\n\n\n\n<div class=\"bde-div-8772-402 bde-div\">\n  \n  \n\t\n\n\n\n<h2 id=\"zeit_fuer_einen_perspektivwechsel\" class=\"bde-heading-8772-403 bde-heading\" data-entrance=\"slideUp\">\n5. eigendomsvoorbehoud\n<\/h2><div class=\"bde-text-8772-404 bde-text\">\nDe goederen blijven eigendom van Brickx UG (haftungsbeschr\u00e4nkt) totdat de volledige betaling is ontvangen.\n<\/div>\n<\/div>\n<\/div><\/div>\n<\/section><section class=\"bde-section-8772-405 bde-section\">\n  \n  \n\t\n\n\n\n<div class=\"section-container\"><div class=\"bde-div-8772-406 bde-div\">\n  \n  \n\t\n\n\n\n<div class=\"bde-div-8772-407 bde-div\">\n  \n  \n\t\n\n\n\n<h2 id=\"zeit_fuer_einen_perspektivwechsel\" class=\"bde-heading-8772-408 bde-heading\" data-entrance=\"slideUp\">\n6. herroepingsrecht voor consumenten\n<\/h2><div class=\"bde-text-8772-409 bde-text\">\n(1) Consumenten hebben een wettelijk herroepingsrecht van 14 dagen.<br><br>(2) De gedetailleerde annuleringsvoorwaarden, inclusief een voorbeeld van een annuleringsformulier, zijn beschikbaar op de website www.brickx.bio en worden samen met de orderbevestiging per e-mail naar de klant gestuurd.\n<\/div>\n<\/div>\n<\/div><\/div>\n<\/section><section class=\"bde-section-8772-410 bde-section\">\n  \n  \n\t\n\n\n\n<div class=\"section-container\"><div class=\"bde-div-8772-411 bde-div\">\n  \n  \n\t\n\n\n\n<div class=\"bde-div-8772-412 bde-div\">\n  \n  \n\t\n\n\n\n<h2 id=\"zeit_fuer_einen_perspektivwechsel\" class=\"bde-heading-8772-413 bde-heading\" data-entrance=\"slideUp\">\n7. garantie\n<\/h2><div class=\"bde-text-8772-414 bde-text\">\n(1) De wettelijke garantierechten zijn van toepassing.<br><br>(2) Voor ondernemers bedraagt de verjaringstermijn voor vorderingen wegens gebreken een jaar vanaf de levering van de goederen.<br><br>(3) De garantietermijn voor nieuwe goederen mag niet worden verkort ten opzichte van consumenten.\n<\/div>\n<\/div>\n<\/div><\/div>\n<\/section><section class=\"bde-section-8772-415 bde-section\">\n  \n  \n\t\n\n\n\n<div class=\"section-container\"><div class=\"bde-div-8772-416 bde-div\">\n  \n  \n\t\n\n\n\n<div class=\"bde-div-8772-417 bde-div\">\n  \n  \n\t\n\n\n\n<h2 id=\"zeit_fuer_einen_perspektivwechsel\" class=\"bde-heading-8772-418 bde-heading\" data-entrance=\"slideUp\">\n8. aansprakelijkheid\n<\/h2><div class=\"bde-text-8772-419 bde-text\">\n(1) Brickx is onbeperkt aansprakelijk voor schade als gevolg van letsel aan leven, lichaam of gezondheid die gebaseerd is op een opzettelijke of nalatige plichtsverzuim.<br><br>(2) Voor overige schade is Brickx alleen aansprakelijk in geval van opzet of grove nalatigheid.<br><br>(3) In geval van eenvoudige nalatigheid is Brickx alleen aansprakelijk voor de schending van wezenlijke contractuele verplichtingen (kardinale verplichtingen). De aansprakelijkheid is beperkt tot de voor de overeenkomst typische, voorzienbare schade.<br><br>(4) Aansprakelijkheid onder de Product Liability Act blijft onaangetast.\n<\/div>\n<\/div>\n<\/div><\/div>\n<\/section><section class=\"bde-section-8772-420 bde-section\">\n  \n  \n\t\n\n\n\n<div class=\"section-container\"><div class=\"bde-div-8772-421 bde-div\">\n  \n  \n\t\n\n\n\n<div class=\"bde-div-8772-422 bde-div\">\n  \n  \n\t\n\n\n\n<h2 id=\"zeit_fuer_einen_perspektivwechsel\" class=\"bde-heading-8772-423 bde-heading\" data-entrance=\"slideUp\">\n9. opslag van de contracttekst\n<\/h2><div class=\"bde-text-8772-424 bde-text\">\nDe contracttekst wordt door Brickx opgeslagen, maar is om veiligheidsredenen niet vrij toegankelijk. De klant ontvangt de bestelgegevens en de AV per e-mail.\n<\/div>\n<\/div>\n<\/div><\/div>\n<\/section><section class=\"bde-section-8772-425 bde-section\">\n  \n  \n\t\n\n\n\n<div class=\"section-container\"><div class=\"bde-div-8772-426 bde-div\">\n  \n  \n\t\n\n\n\n<div class=\"bde-div-8772-427 bde-div\">\n  \n  \n\t\n\n\n\n<h2 id=\"zeit_fuer_einen_perspektivwechsel\" class=\"bde-heading-8772-428 bde-heading\" data-entrance=\"slideUp\">\n10 Toepasselijk recht, bevoegde rechtbank\n<\/h2><div class=\"bde-text-8772-429 bde-text\">\n(1) Het recht van de Bondsrepubliek Duitsland is van toepassing met uitsluiting van het Verdrag der Verenigde Naties inzake internationale koopovereenkomsten betreffende roerende zaken.<br>(2) Voor consumenten is deze rechtskeuze alleen van toepassing voor zover zij hen niet de bescherming ontneemt van dwingende bepalingen van de staat waar zij hun gewone verblijfplaats hebben.<br>(3) Indien de klant ondernemer is, is de exclusieve bevoegde rechtbank de zetel van Brickx UG (haftungsbeschr\u00e4nkt).\n<\/div>\n<\/div>\n<\/div><\/div>\n<\/section><section class=\"bde-section-8772-430 bde-section\">\n  \n  \n\t\n\n\n\n<div class=\"section-container\"><div class=\"bde-div-8772-431 bde-div\">\n  \n  \n\t\n\n\n\n<div class=\"bde-div-8772-432 bde-div\">\n  \n  \n\t\n\n\n\n<h2 id=\"zeit_fuer_einen_perspektivwechsel\" class=\"bde-heading-8772-433 bde-heading\" data-entrance=\"slideUp\">\n11. online geschillenbeslechting, consumentenarbitrage\n<\/h2><div class=\"bde-text-8772-434 bde-text\">\nDe Europese Commissie biedt een platform voor buitengerechtelijke online geschillenbeslechting (ODR-platform): https:\/\/ec.europa.eu\/consumers\/odr<br>Brickx is niet verplicht en niet bereid om deel te nemen aan een geschillenbeslechtingsprocedure voor een arbitragecommissie voor consumenten.\n<\/div>\n<\/div>\n<\/div><\/div>\n<\/section><section class=\"bde-section-8772-435 bde-section\">\n  \n  \n\t\n\n\n\n<div class=\"section-container\"><div class=\"bde-div-8772-436 bde-div\">\n  \n  \n\t\n\n\n\n<div class=\"bde-div-8772-437 bde-div\">\n  \n  \n\t\n\n\n\n<h2 id=\"zeit_fuer_einen_perspektivwechsel\" class=\"bde-heading-8772-438 bde-heading\" data-entrance=\"slideUp\">\n12. scheidbaarheidclausule\n<\/h2><div class=\"bde-text-8772-439 bde-text\">\nIndien afzonderlijke bepalingen van deze AV geheel of gedeeltelijk ongeldig zijn, blijft de geldigheid van de overige bepalingen onaangetast.\n<\/div>\n<\/div>\n<\/div><\/div>\n<\/section><\/div>","protected":false},"excerpt":{"rendered":"<p>AGBs Allgemeine Gesch\u00e4ftsbedingungen mit Kundeninformationen 1. Geltungsbereich 2. Vertragsschluss 3. Preise, Versandkosten, Zahlungsarten 4. Lieferung, Warenverf\u00fcgbarkeit 5. Eigentumsvorbehalt 6. Widerrufsrecht f\u00fcr Verbraucher 7. Gew\u00e4hrleistung 8. Haftung 9. Speicherung des Vertragstextes 10. Anwendbares Recht, Gerichtsstand 11. Online-Streitbeilegung, Verbraucherschlichtung12. Salvatorische Klausel 1. Geltungsbereich (1) Diese Allgemeinen Gesch\u00e4ftsbedingungen (AGB) gelten f\u00fcr alle Vertr\u00e4ge, die ein Verbraucher oder Unternehmer [&hellip;]<\/p>\n","protected":false},"author":1,"featured_media":0,"parent":0,"menu_order":0,"comment_status":"closed","ping_status":"closed","template":"","meta":{"_acf_changed":false,"_breakdance_hide_in_design_set":false,"_breakdance_tags":"","footnotes":""},"folder":[4356],"class_list":["post-8772","page","type-page","status-publish","hentry"],"acf":[],"yoast_head":"<!-- This site is optimized with the Yoast SEO plugin v27.0 - https:\/\/yoast.com\/product\/yoast-seo-wordpress\/ -->\n<title>AGB - Brickx<\/title>\n<meta name=\"robots\" content=\"index, follow, max-snippet:-1, max-image-preview:large, max-video-preview:-1\" \/>\n<link rel=\"canonical\" href=\"https:\/\/www.brickx.bio\/nl\/agb\/\" \/>\n<meta property=\"og:locale\" content=\"nl_NL\" \/>\n<meta property=\"og:type\" content=\"article\" \/>\n<meta property=\"og:title\" content=\"AGB - Brickx\" \/>\n<meta property=\"og:description\" content=\"AGBs Allgemeine Gesch\u00e4ftsbedingungen mit Kundeninformationen 1. Geltungsbereich 2. Vertragsschluss 3. Preise, Versandkosten, Zahlungsarten 4. Lieferung, Warenverf\u00fcgbarkeit 5. Eigentumsvorbehalt 6. Widerrufsrecht f\u00fcr Verbraucher 7. Gew\u00e4hrleistung 8. Haftung 9. Speicherung des Vertragstextes 10. Anwendbares Recht, Gerichtsstand 11. Online-Streitbeilegung, Verbraucherschlichtung12. Salvatorische Klausel 1. Geltungsbereich (1) Diese Allgemeinen Gesch\u00e4ftsbedingungen (AGB) gelten f\u00fcr alle Vertr\u00e4ge, die ein Verbraucher oder Unternehmer [&hellip;]\" \/>\n<meta property=\"og:url\" content=\"https:\/\/www.brickx.bio\/nl\/agb\/\" \/>\n<meta property=\"og:site_name\" content=\"Brickx\" \/>\n<meta property=\"article:modified_time\" content=\"2025-09-20T08:23:55+00:00\" \/>\n<meta name=\"twitter:card\" content=\"summary_large_image\" \/>\n<meta name=\"twitter:label1\" content=\"Geschatte leestijd\" \/>\n\t<meta name=\"twitter:data1\" content=\"4 minuten\" \/>\n<script type=\"application\/ld+json\" class=\"yoast-schema-graph\">{\"@context\":\"https:\/\/schema.org\",\"@graph\":[{\"@type\":\"WebPage\",\"@id\":\"https:\/\/www.brickx.bio\/agb\/\",\"url\":\"https:\/\/www.brickx.bio\/agb\/\",\"name\":\"AGB - Brickx\",\"isPartOf\":{\"@id\":\"https:\/\/www.brickx.bio\/de\/#website\"},\"datePublished\":\"2025-09-20T08:07:08+00:00\",\"dateModified\":\"2025-09-20T08:23:55+00:00\",\"breadcrumb\":{\"@id\":\"https:\/\/www.brickx.bio\/agb\/#breadcrumb\"},\"inLanguage\":\"nl-NL\",\"potentialAction\":[{\"@type\":\"ReadAction\",\"target\":[\"https:\/\/www.brickx.bio\/agb\/\"]}]},{\"@type\":\"BreadcrumbList\",\"@id\":\"https:\/\/www.brickx.bio\/agb\/#breadcrumb\",\"itemListElement\":[{\"@type\":\"ListItem\",\"position\":1,\"name\":\"Startseite\",\"item\":\"https:\/\/www.brickx.bio\/\"},{\"@type\":\"ListItem\",\"position\":2,\"name\":\"AGB\"}]},{\"@type\":\"WebSite\",\"@id\":\"https:\/\/www.brickx.bio\/de\/#website\",\"url\":\"https:\/\/www.brickx.bio\/de\/\",\"name\":\"Brickx\",\"description\":\"\",\"potentialAction\":[{\"@type\":\"SearchAction\",\"target\":{\"@type\":\"EntryPoint\",\"urlTemplate\":\"https:\/\/www.brickx.bio\/de\/?s={search_term_string}\"},\"query-input\":{\"@type\":\"PropertyValueSpecification\",\"valueRequired\":true,\"valueName\":\"search_term_string\"}}],\"inLanguage\":\"nl-NL\"}]}<\/script>\n<!-- \/ Yoast SEO plugin. -->","yoast_head_json":{"title":"AGB - Brickx","robots":{"index":"index","follow":"follow","max-snippet":"max-snippet:-1","max-image-preview":"max-image-preview:large","max-video-preview":"max-video-preview:-1"},"canonical":"https:\/\/www.brickx.bio\/nl\/agb\/","og_locale":"nl_NL","og_type":"article","og_title":"AGB - Brickx","og_description":"AGBs Allgemeine Gesch\u00e4ftsbedingungen mit Kundeninformationen 1. Geltungsbereich 2. Vertragsschluss 3. Preise, Versandkosten, Zahlungsarten 4. Lieferung, Warenverf\u00fcgbarkeit 5. Eigentumsvorbehalt 6. Widerrufsrecht f\u00fcr Verbraucher 7. Gew\u00e4hrleistung 8. Haftung 9. Speicherung des Vertragstextes 10. Anwendbares Recht, Gerichtsstand 11. Online-Streitbeilegung, Verbraucherschlichtung12. Salvatorische Klausel 1. Geltungsbereich (1) Diese Allgemeinen Gesch\u00e4ftsbedingungen (AGB) gelten f\u00fcr alle Vertr\u00e4ge, die ein Verbraucher oder Unternehmer [&hellip;]","og_url":"https:\/\/www.brickx.bio\/nl\/agb\/","og_site_name":"Brickx","article_modified_time":"2025-09-20T08:23:55+00:00","twitter_card":"summary_large_image","twitter_misc":{"Geschatte leestijd":"4 minuten"},"schema":{"@context":"https:\/\/schema.org","@graph":[{"@type":"WebPage","@id":"https:\/\/www.brickx.bio\/agb\/","url":"https:\/\/www.brickx.bio\/agb\/","name":"AGB - Brickx","isPartOf":{"@id":"https:\/\/www.brickx.bio\/de\/#website"},"datePublished":"2025-09-20T08:07:08+00:00","dateModified":"2025-09-20T08:23:55+00:00","breadcrumb":{"@id":"https:\/\/www.brickx.bio\/agb\/#breadcrumb"},"inLanguage":"nl-NL","potentialAction":[{"@type":"ReadAction","target":["https:\/\/www.brickx.bio\/agb\/"]}]},{"@type":"BreadcrumbList","@id":"https:\/\/www.brickx.bio\/agb\/#breadcrumb","itemListElement":[{"@type":"ListItem","position":1,"name":"Startseite","item":"https:\/\/www.brickx.bio\/"},{"@type":"ListItem","position":2,"name":"AGB"}]},{"@type":"WebSite","@id":"https:\/\/www.brickx.bio\/de\/#website","url":"https:\/\/www.brickx.bio\/de\/","name":"Brickx","description":"","potentialAction":[{"@type":"SearchAction","target":{"@type":"EntryPoint","urlTemplate":"https:\/\/www.brickx.bio\/de\/?s={search_term_string}"},"query-input":{"@type":"PropertyValueSpecification","valueRequired":true,"valueName":"search_term_string"}}],"inLanguage":"nl-NL"}]}},"_links":{"self":[{"href":"https:\/\/www.brickx.bio\/nl\/wp-json\/wp\/v2\/pages\/8772","targetHints":{"allow":["GET"]}}],"collection":[{"href":"https:\/\/www.brickx.bio\/nl\/wp-json\/wp\/v2\/pages"}],"about":[{"href":"https:\/\/www.brickx.bio\/nl\/wp-json\/wp\/v2\/types\/page"}],"author":[{"embeddable":true,"href":"https:\/\/www.brickx.bio\/nl\/wp-json\/wp\/v2\/users\/1"}],"replies":[{"embeddable":true,"href":"https:\/\/www.brickx.bio\/nl\/wp-json\/wp\/v2\/comments?post=8772"}],"version-history":[{"count":0,"href":"https:\/\/www.brickx.bio\/nl\/wp-json\/wp\/v2\/pages\/8772\/revisions"}],"wp:attachment":[{"href":"https:\/\/www.brickx.bio\/nl\/wp-json\/wp\/v2\/media?parent=8772"}],"wp:term":[{"taxonomy":"folder","embeddable":true,"href":"https:\/\/www.brickx.bio\/nl\/wp-json\/wp\/v2\/folder?post=8772"}],"curies":[{"name":"wp","href":"https:\/\/api.w.org\/{rel}","templated":true}]}}